{"id":17244,"date":"2025-12-25T14:30:39","date_gmt":"2025-12-25T07:30:39","guid":{"rendered":"https:\/\/kunkinapartment.com\/?page_id=17244"},"modified":"2025-12-25T14:35:11","modified_gmt":"2025-12-25T07:35:11","slug":"kunkin-meeting-room","status":"publish","type":"page","link":"https:\/\/kunkinapartment.com\/vi\/kunkin-meeting-room\/","title":{"rendered":"KunKin Meeting Room"},"content":{"rendered":"\n<h3 class=\"wp-block-heading\">\ud835\udc0a\ud835\udc14\ud835\udc0d\ud835\udc0a\ud835\udc08\ud835\udc0d \ud835\udc0c\ud835\udc04\ud835\udc04\ud835\udc13\ud835\udc08\ud835\udc0d\ud835\udc06 \ud835\udc11\ud835\udc0e\ud835\udc0e\ud835\udc0c \u2013 \ud835\udc0a\ud835\udc07\ud835\udc0e\u0302\ud835\udc0d\ud835\udc06 \ud835\udc06\ud835\udc08\ud835\udc00\ud835\udc0d \ud835\udc07\ud835\udc0e\u0323\ud835\udc0f \ud835\udc13\ud835\udc08\ud835\udc04\u0323\u0302\ud835\udc0d \ud835\udc0d\ud835\udc06\ud835\udc07\ud835\udc08 \ud835\udc13\ud835\udc00\u0323\ud835\udc08 \ud835\udc13\ud835\udc0f.\ud835\udc07\ud835\udc02\ud835\udc0c<\/h3>\n\n\n\n<p>Ch\u00fang t\u00f4i tin r\u1eb1ng m\u1ed7i bu\u1ed5i h\u1ecdp th\u00e0nh c\u00f4ng l\u00e0 ti\u1ec1n \u0111\u1ec1 cho nh\u1eefng b\u01b0\u1edbc ti\u1ebfn l\u1edbn gi\u00fap hi\u1ec7n th\u1ef1c h\u00f3a nh\u1eefng k\u1ebf ho\u1ea1ch l\u1edbn, nh\u1eefng quy\u1ebft \u0111\u1ecbnh quan tr\u1ecdng. V\u1edbi KunKin \ud835\udc0c\ud835\udc1e\ud835\udc1e\ud835\udc2d\ud835\udc22\ud835\udc27\ud835\udc20 \ud835\udc11\ud835\udc28\ud835\udc28\ud835\udc26, Qu\u00fd kh\u00e1ch kh\u00f4ng ch\u1ec9 thu\u00ea m\u1ed9t kh\u00f4ng gian \u2013 m\u00e0 \u0111ang l\u1ef1a ch\u1ecdn m\u1ed9t m\u00f4i tr\u01b0\u1eddng l\u00e0m vi\u1ec7c l\u00fd t\u01b0\u1edfng.<br>T\u1eeb ph\u00f2ng h\u1ecdp chuy\u00ean nghi\u1ec7p, \u0111\u1ebfn kh\u00f4ng gian ngh\u1ec9 ng\u01a1i ti\u1ec7n nghi v\u00e0 khu v\u1ef1c \u0103n u\u1ed1ng \u2013 \ud835\udc0a\ud835\udc2e\ud835\udc27\ud835\udc0a\ud835\udc22\ud835\udc27 \ud835\udc06\ud835\udc1a\ud835\udc2b\ud835\udc1d\ud835\udc1e\ud835\udc27 \ud835\udc00\ud835\udc29\ud835\udc1a\ud835\udc2b\ud835\udc2d\ud835\udc26\ud835\udc1e\ud835\udc27\ud835\udc2d t\u00edch h\u1ee3p tr\u1ecdn v\u1eb9n trong m\u1ed9t m\u00f4i tr\u01b0\u1eddng ri\u00eang t\u01b0, hi\u1ec7n \u0111\u1ea1i v\u00e0 t\u1ed1i \u01b0u chi ph\u00ed. Gi\u1ea3i ph\u00e1p thu\u1eadn ti\u1ec7n v\u00e0 linh ho\u1ea1t cho c\u00e1c doanh nghi\u1ec7p, startup, \u0111\u1ed9i nh\u00f3m t\u1ed5 ch\u1ee9c h\u1ecdp h\u00e0nh t\u1eeb c\u00e1c s\u1ef1 ki\u1ec7n nh\u1ecf \u0111\u1ebfn ch\u01b0\u01a1ng tr\u00ecnh quy m\u00f4 l\u1edbn, v\u1edbi kh\u1ea3 n\u0103ng c\u00e1 nh\u00e2n h\u00f3a theo t\u1eebng y\u00eau c\u1ea7u c\u1ee5 th\u1ec3 v\u00e0 m\u1ee5c ti\u00eau ri\u00eang c\u1ee7a kh\u00e1ch h\u00e0ng.<br>\ud835\udc0f\ud835\udc21\ud835\udc28\u0300\ud835\udc27\ud835\udc20 \ud835\udc21\ud835\udc28\u0323\ud835\udc29 \u0111\ud835\udc2e\u031b\ud835\udc28\u031b\u0323\ud835\udc1c \ud835\udc2d\ud835\udc2b\ud835\udc1a\ud835\udc27\ud835\udc20 \ud835\udc1b\ud835\udc22\u0323 \u0111\ud835\udc1a\u0302\u0300\ud835\udc32 \u0111\ud835\udc2e\u0309 \ud835\udc2d\ud835\udc22\ud835\udc1e\u0323\u0302\ud835\udc27 \ud835\udc27\ud835\udc20\ud835\udc21\ud835\udc22:<br>M\u00e0n h\u00ecnh 200 inches<br>Flipchart, b\u00fat vi\u1ebft mi\u1ec5n ph\u00ed<br>\u00c2m thanh, micro h\u1ed7 tr\u1ee3<br>N\u01b0\u1edbc su\u1ed1i 350ml mi\u1ec5n ph\u00ed\/pax\/bu\u1ed5i<br>B\u00e3i gi\u1eef xe m\u00e1y mi\u1ec5n ph\u00ed<br>D\u1ecbch v\u1ee5 tea\/break t\u1eeb 150.000\u0111\/pax<\/p>\n\n\n\n<figure class=\"wp-block-gallery has-nested-images columns-default is-cropped wp-block-gallery-1 is-layout-flex wp-block-gallery-is-layout-flex\">\n<figure class=\"wp-block-image size-large\"><img fetchpriority=\"high\" decoding=\"async\" width=\"1024\" height=\"1024\" data-id=\"17240\" src=\"https:\/\/kunkinapartment.com\/wp-content\/uploads\/2025\/12\/z7308064593558_9d85480de9d0606d80b80fad6a9ca03d-1024x1024.jpg\" alt=\"\" class=\"wp-image-17240\" title=\"\" srcset=\"https:\/\/kunkinapartment.com\/wp-content\/uploads\/2025\/12\/z7308064593558_9d85480de9d0606d80b80fad6a9ca03d-1024x1024.jpg 1024w, https:\/\/kunkinapartment.com\/wp-content\/uploads\/2025\/12\/z7308064593558_9d85480de9d0606d80b80fad6a9ca03d-300x300.jpg 300w, https:\/\/kunkinapartment.com\/wp-content\/uploads\/2025\/12\/z7308064593558_9d85480de9d0606d80b80fad6a9ca03d-150x150.jpg 150w, https:\/\/kunkinapartment.com\/wp-content\/uploads\/2025\/12\/z7308064593558_9d85480de9d0606d80b80fad6a9ca03d-1536x1536.jpg 1536w, https:\/\/kunkinapartment.com\/wp-content\/uploads\/2025\/12\/z7308064593558_9d85480de9d0606d80b80fad6a9ca03d-2048x2048.jpg 2048w\" sizes=\"(max-width: 1024px) 100vw, 1024px\" \/><\/figure>\n\n\n\n<figure class=\"wp-block-image size-large\"><img decoding=\"async\" width=\"1024\" height=\"1024\" data-id=\"17238\" src=\"https:\/\/kunkinapartment.com\/wp-content\/uploads\/2025\/12\/z7308064596252_c8abfb90228086fb64ae57c1f3b6681d-1024x1024.jpg\" alt=\"\" class=\"wp-image-17238\" title=\"\" srcset=\"https:\/\/kunkinapartment.com\/wp-content\/uploads\/2025\/12\/z7308064596252_c8abfb90228086fb64ae57c1f3b6681d-1024x1024.jpg 1024w, https:\/\/kunkinapartment.com\/wp-content\/uploads\/2025\/12\/z7308064596252_c8abfb90228086fb64ae57c1f3b6681d-300x300.jpg 300w, https:\/\/kunkinapartment.com\/wp-content\/uploads\/2025\/12\/z7308064596252_c8abfb90228086fb64ae57c1f3b6681d-150x150.jpg 150w, https:\/\/kunkinapartment.com\/wp-content\/uploads\/2025\/12\/z7308064596252_c8abfb90228086fb64ae57c1f3b6681d-1536x1536.jpg 1536w, https:\/\/kunkinapartment.com\/wp-content\/uploads\/2025\/12\/z7308064596252_c8abfb90228086fb64ae57c1f3b6681d-2048x2048.jpg 2048w\" sizes=\"(max-width: 1024px) 100vw, 1024px\" \/><\/figure>\n\n\n\n<figure class=\"wp-block-image size-large\"><img decoding=\"async\" width=\"1024\" height=\"1024\" data-id=\"17236\" src=\"https:\/\/kunkinapartment.com\/wp-content\/uploads\/2025\/12\/z7308064750251_e8a10ac4590396843332175324529b79-1024x1024.jpg\" alt=\"\" class=\"wp-image-17236\" title=\"\" srcset=\"https:\/\/kunkinapartment.com\/wp-content\/uploads\/2025\/12\/z7308064750251_e8a10ac4590396843332175324529b79-1024x1024.jpg 1024w, https:\/\/kunkinapartment.com\/wp-content\/uploads\/2025\/12\/z7308064750251_e8a10ac4590396843332175324529b79-300x300.jpg 300w, https:\/\/kunkinapartment.com\/wp-content\/uploads\/2025\/12\/z7308064750251_e8a10ac4590396843332175324529b79-150x150.jpg 150w, https:\/\/kunkinapartment.com\/wp-content\/uploads\/2025\/12\/z7308064750251_e8a10ac4590396843332175324529b79-1536x1536.jpg 1536w, https:\/\/kunkinapartment.com\/wp-content\/uploads\/2025\/12\/z7308064750251_e8a10ac4590396843332175324529b79-2048x2048.jpg 2048w\" sizes=\"(max-width: 1024px) 100vw, 1024px\" \/><\/figure>\n\n\n\n<figure class=\"wp-block-image size-large\"><img loading=\"lazy\" decoding=\"async\" width=\"1024\" height=\"1024\" data-id=\"17234\" src=\"https:\/\/kunkinapartment.com\/wp-content\/uploads\/2025\/12\/z7308064743276_d8eb5f601b3ef4bd0095fc6880c3da40-1024x1024.jpg\" alt=\"\" class=\"wp-image-17234\" title=\"\" srcset=\"https:\/\/kunkinapartment.com\/wp-content\/uploads\/2025\/12\/z7308064743276_d8eb5f601b3ef4bd0095fc6880c3da40-1024x1024.jpg 1024w, https:\/\/kunkinapartment.com\/wp-content\/uploads\/2025\/12\/z7308064743276_d8eb5f601b3ef4bd0095fc6880c3da40-300x300.jpg 300w, https:\/\/kunkinapartment.com\/wp-content\/uploads\/2025\/12\/z7308064743276_d8eb5f601b3ef4bd0095fc6880c3da40-150x150.jpg 150w, https:\/\/kunkinapartment.com\/wp-content\/uploads\/2025\/12\/z7308064743276_d8eb5f601b3ef4bd0095fc6880c3da40-1536x1536.jpg 1536w, https:\/\/kunkinapartment.com\/wp-content\/uploads\/2025\/12\/z7308064743276_d8eb5f601b3ef4bd0095fc6880c3da40-2048x2048.jpg 2048w\" sizes=\"(max-width: 1024px) 100vw, 1024px\" \/><\/figure>\n\n\n\n<figure class=\"wp-block-image size-large\"><img loading=\"lazy\" decoding=\"async\" width=\"1024\" height=\"1024\" data-id=\"17232\" src=\"https:\/\/kunkinapartment.com\/wp-content\/uploads\/2025\/12\/z7308064585044_03bd2df496b5a669901d177ee0de7c25-1024x1024.jpg\" alt=\"\" class=\"wp-image-17232\" title=\"\" srcset=\"https:\/\/kunkinapartment.com\/wp-content\/uploads\/2025\/12\/z7308064585044_03bd2df496b5a669901d177ee0de7c25-1024x1024.jpg 1024w, https:\/\/kunkinapartment.com\/wp-content\/uploads\/2025\/12\/z7308064585044_03bd2df496b5a669901d177ee0de7c25-300x300.jpg 300w, https:\/\/kunkinapartment.com\/wp-content\/uploads\/2025\/12\/z7308064585044_03bd2df496b5a669901d177ee0de7c25-150x150.jpg 150w, https:\/\/kunkinapartment.com\/wp-content\/uploads\/2025\/12\/z7308064585044_03bd2df496b5a669901d177ee0de7c25-1536x1536.jpg 1536w, https:\/\/kunkinapartment.com\/wp-content\/uploads\/2025\/12\/z7308064585044_03bd2df496b5a669901d177ee0de7c25-2048x2048.jpg 2048w\" sizes=\"(max-width: 1024px) 100vw, 1024px\" \/><\/figure>\n\n\n\n<figure class=\"wp-block-image size-large\"><img loading=\"lazy\" decoding=\"async\" width=\"1024\" height=\"1024\" data-id=\"17230\" src=\"https:\/\/kunkinapartment.com\/wp-content\/uploads\/2025\/12\/z7308064746755_4fb21e2a7178d3efd48f8001f02b6dad-1024x1024.jpg\" alt=\"\" class=\"wp-image-17230\" title=\"\" srcset=\"https:\/\/kunkinapartment.com\/wp-content\/uploads\/2025\/12\/z7308064746755_4fb21e2a7178d3efd48f8001f02b6dad-1024x1024.jpg 1024w, https:\/\/kunkinapartment.com\/wp-content\/uploads\/2025\/12\/z7308064746755_4fb21e2a7178d3efd48f8001f02b6dad-300x300.jpg 300w, https:\/\/kunkinapartment.com\/wp-content\/uploads\/2025\/12\/z7308064746755_4fb21e2a7178d3efd48f8001f02b6dad-150x150.jpg 150w, https:\/\/kunkinapartment.com\/wp-content\/uploads\/2025\/12\/z7308064746755_4fb21e2a7178d3efd48f8001f02b6dad-1536x1536.jpg 1536w, https:\/\/kunkinapartment.com\/wp-content\/uploads\/2025\/12\/z7308064746755_4fb21e2a7178d3efd48f8001f02b6dad-2048x2048.jpg 2048w\" sizes=\"(max-width: 1024px) 100vw, 1024px\" \/><\/figure>\n\n\n\n<figure class=\"wp-block-image size-large\"><img loading=\"lazy\" decoding=\"async\" width=\"1024\" height=\"1024\" data-id=\"17227\" src=\"https:\/\/kunkinapartment.com\/wp-content\/uploads\/2025\/12\/z7308064604430_fbc87d2fb27c986b98316c4a80180114-1024x1024.jpg\" alt=\"\" class=\"wp-image-17227\" title=\"\" srcset=\"https:\/\/kunkinapartment.com\/wp-content\/uploads\/2025\/12\/z7308064604430_fbc87d2fb27c986b98316c4a80180114-1024x1024.jpg 1024w, https:\/\/kunkinapartment.com\/wp-content\/uploads\/2025\/12\/z7308064604430_fbc87d2fb27c986b98316c4a80180114-300x300.jpg 300w, https:\/\/kunkinapartment.com\/wp-content\/uploads\/2025\/12\/z7308064604430_fbc87d2fb27c986b98316c4a80180114-150x150.jpg 150w, https:\/\/kunkinapartment.com\/wp-content\/uploads\/2025\/12\/z7308064604430_fbc87d2fb27c986b98316c4a80180114-1536x1536.jpg 1536w, https:\/\/kunkinapartment.com\/wp-content\/uploads\/2025\/12\/z7308064604430_fbc87d2fb27c986b98316c4a80180114-2048x2048.jpg 2048w\" sizes=\"(max-width: 1024px) 100vw, 1024px\" \/><\/figure>\n<\/figure>\n\n\n\n<h3 class=\"wp-block-heading\">\ud835\udc13\ud835\udc2b\ud835\udc1a\u0309\ud835\udc22 \ud835\udc27\ud835\udc20\ud835\udc21\ud835\udc22\ud835\udc1e\u0323\u0302\ud835\udc26 \ud835\udc21\ud835\udc28\u0323\ud835\udc29 \ud835\udc1c\ud835\udc21\ud835\udc2e\ud835\udc32\ud835\udc1e\u0302\ud835\udc27 \ud835\udc27\ud835\udc20\ud835\udc21\ud835\udc22\ud835\udc1e\u0323\u0302\ud835\udc29 \u2013 \ud835\udc21\ud835\udc22\ud835\udc1e\u0323\u0302\ud835\udc2e \ud835\udc2a\ud835\udc2e\ud835\udc1a\u0309<\/h3>\n\n\n\n<p>\ud83d\udcde Hotline \u0111\u1eb7t ph\u00f2ng: \ud835\udfce\ud835\udfd7\ud835\udfcf.\ud835\udfcf\ud835\udfce\ud835\udfd2.\ud835\udfcf\ud835\udfd4\ud835\udfce\ud835\udfd4 \u2013 \ud835\udfce\ud835\udfd7\ud835\udfd4.\ud835\udfd7\ud835\udfd4\ud835\udfd6.\ud835\udfd7\ud835\udfd5\ud835\udfcf\ud835\udfcf<\/p>\n\n\n\n<p>\ud83d\udccd \u0110\u1ecba ch\u1ec9: \ud835\udfd0\ud835\udfcf\ud835\udfd7\/\ud835\udfd6 \ud835\udc0d\ud835\udc20\ud835\udc28\u0302 \ud835\udc13\ud835\udc1a\u0302\u0301\ud835\udc2d \ud835\udc13\ud835\udc28\u0302\u0301, \ud835\udc29\ud835\udc21\ud835\udc2e\u031b\ud835\udc28\u031b\u0300\ud835\udc27\ud835\udc20 \ud835\udc13\ud835\udc21\ud835\udc1a\u0323\ud835\udc27\ud835\udc21 \ud835\udc0c\ud835\udc32\u0303 \ud835\udc13\ud835\udc1a\u0302\ud835\udc32, \ud835\udc13\ud835\udc0f. \ud835\udc07\ud835\udc28\u0302\u0300 \ud835\udc02\ud835\udc21\ud835\udc22\u0301 \ud835\udc0c\ud835\udc22\ud835\udc27\ud835\udc21<\/p>\n\n\n\n<p><\/p>\n","protected":false},"excerpt":{"rendered":"<p>\ud835\udc0a\ud835\udc14\ud835\udc0d\ud835\udc0a\ud835\udc08\ud835\udc0d \ud835\udc0c\ud835\udc04\ud835\udc04\ud835\udc13\ud835\udc08\ud835\udc0d\ud835\udc06 \ud835\udc11\ud835\udc0e\ud835\udc0e\ud835\udc0c \u2013 \ud835\udc0a\ud835\udc07\ud835\udc0e\u0302\ud835\udc0d\ud835\udc06 \ud835\udc06\ud835\udc08\ud835\udc00\ud835\udc0d \ud835\udc07\ud835\udc0e\u0323\ud835\udc0f \ud835\udc13\ud835\udc08\ud835\udc04\u0323\u0302\ud835\udc0d \ud835\udc0d\ud835\udc06\ud835\udc07\ud835\udc08 \ud835\udc13\ud835\udc00\u0323\ud835\udc08 \ud835\udc13\ud835\udc0f.\ud835\udc07\ud835\udc02\ud835\udc0c Ch\u00fang t\u00f4i tin r\u1eb1ng m\u1ed7i bu\u1ed5i h\u1ecdp th\u00e0nh c\u00f4ng l\u00e0 ti\u1ec1n \u0111\u1ec1 cho nh\u1eefng b\u01b0\u1edbc ti\u1ebfn l\u1edbn gi\u00fap hi\u1ec7n th\u1ef1c h\u00f3a nh\u1eefng k\u1ebf ho\u1ea1ch l\u1edbn, nh\u1eefng quy\u1ebft \u0111\u1ecbnh quan tr\u1ecdng. V\u1edbi KunKin \ud835\udc0c\ud835\udc1e\ud835\udc1e\ud835\udc2d\ud835\udc22\ud835\udc27\ud835\udc20 \ud835\udc11\ud835\udc28\ud835\udc28\ud835\udc26, Qu\u00fd kh\u00e1ch kh\u00f4ng ch\u1ec9 thu\u00ea m\u1ed9t kh\u00f4ng gian \u2013 m\u00e0 [&hellip;]<\/p>\n","protected":false},"author":1,"featured_media":17227,"parent":0,"menu_order":0,"comment_status":"closed","ping_status":"closed","template":"","meta":{"inline_featured_image":false,"footnotes":""},"class_list":["post-17244","page","type-page","status-publish","has-post-thumbnail","hentry"],"_links":{"self":[{"href":"https:\/\/kunkinapartment.com\/vi\/wp-json\/wp\/v2\/pages\/17244","targetHints":{"allow":["GET"]}}],"collection":[{"href":"https:\/\/kunkinapartment.com\/vi\/wp-json\/wp\/v2\/pages"}],"about":[{"href":"https:\/\/kunkinapartment.com\/vi\/wp-json\/wp\/v2\/types\/page"}],"author":[{"embeddable":true,"href":"https:\/\/kunkinapartment.com\/vi\/wp-json\/wp\/v2\/users\/1"}],"replies":[{"embeddable":true,"href":"https:\/\/kunkinapartment.com\/vi\/wp-json\/wp\/v2\/comments?post=17244"}],"version-history":[{"count":1,"href":"https:\/\/kunkinapartment.com\/vi\/wp-json\/wp\/v2\/pages\/17244\/revisions"}],"predecessor-version":[{"id":17245,"href":"https:\/\/kunkinapartment.com\/vi\/wp-json\/wp\/v2\/pages\/17244\/revisions\/17245"}],"wp:featuredmedia":[{"embeddable":true,"href":"https:\/\/kunkinapartment.com\/vi\/wp-json\/wp\/v2\/media\/17227"}],"wp:attachment":[{"href":"https:\/\/kunkinapartment.com\/vi\/wp-json\/wp\/v2\/media?parent=17244"}],"curies":[{"name":"wp","href":"https:\/\/api.w.org\/{rel}","templated":true}]}}