{"id":16042,"date":"2024-08-19T21:14:50","date_gmt":"2024-08-19T14:14:50","guid":{"rendered":"https:\/\/kunkinapartment.com\/?page_id=16042"},"modified":"2024-10-19T13:48:39","modified_gmt":"2024-10-19T06:48:39","slug":"trai-nghiem","status":"publish","type":"page","link":"https:\/\/kunkinapartment.com\/vi\/trai-nghiem\/","title":{"rendered":"Tr\u1ea3i nghi\u1ec7m"},"content":{"rendered":"\t\t<div data-elementor-type=\"wp-page\" data-elementor-id=\"16042\" class=\"elementor elementor-16042\" data-elementor-post-type=\"page\">\n\t\t\t\t\t\t<section class=\"elementor-section elementor-top-section elementor-element elementor-element-8c2fb0c elementor-section-boxed elementor-section-height-default elementor-section-height-default\" data-id=\"8c2fb0c\" data-element_type=\"section\" id=\"filter-wrapper-home-page\">\n\t\t\t\t\t\t<div class=\"elementor-container elementor-column-gap-default\">\n\t\t\t\t\t<div class=\"elementor-column elementor-col-100 elementor-top-column elementor-element elementor-element-c607881\" data-id=\"c607881\" data-element_type=\"column\">\n\t\t\t<div class=\"elementor-widget-wrap elementor-element-populated\">\n\t\t\t\t\t\t<div class=\"elementor-element elementor-element-cb3f130 elementor-widget elementor-widget-st_banner_form\" data-id=\"cb3f130\" data-element_type=\"widget\" data-settings=\"{&quot;style&quot;:&quot;style_2&quot;,&quot;type_form&quot;:&quot;single&quot;}\" data-widget_type=\"st_banner_form.default\">\n\t\t\t\t<div class=\"elementor-widget-container\">\n\t\t\t<div class=\"st-banner-search-form style_2\">\r\n    \r\n        <div class=\"tab-pane fadeshow active\" id=\"nav-st_hotel\" role=\"tabpanel\">                <div class=\"st-search-form-el st-border-radius\">\r\n                    <div class=\"st-search-el search-form-v2\">\r\n                        <div class=\"search-form  st-border-radius\">\r\n    <form action=\"https:\/\/kunkinapartment.com\/book-now\/\" class=\"form d-flex align-items-center\" method=\"get\">\r\n        <div class=\"destination-search border-right\">\r\n    <div id=\"dropdown-destination-hotel\" role=\"menu\" class=\"form-group d-flex align-items-center form-extra-field dropdown field-detination dropdown-toggle has-icon\"  data-bs-toggle=\"dropdown\" data-bs-auto-close=\"outside\" aria-expanded=\"true\">\r\n        <span class=\"stt-icon stt-icon-location1\"><\/span>        <div class=\"st-form-dropdown-icon test\" >\r\n            <label>Location<\/label>\r\n            <div class=\"render\">\r\n                                <input type=\"text\" onkeyup=\"stKeyupsmartSearch(this)\" autocomplete = \"off\" id=\"location_name_hotel\" name=\"location_name\" value=\"\" placeholder = \"Find a destination\" data-post-type=\"st_hotel\" data-text-no=\"No locations...\"\/>\r\n            <\/div>\r\n\r\n            <input type=\"hidden\" name=\"location_id\" value=\"\"\/>\r\n        <\/div>\r\n\r\n\r\n    <\/div>\r\n    <div class=\"dropdown-menu\"  aria-labelledby=\"dropdown-destination-hotel\">\r\n        <div class=\"loader-wrapper\">\r\n    <div class=\"st-loader\"><\/div>\r\n<\/div>        <ul class=\"st-scrollbar\">\r\n            <li class=\"location-heading\"><span>Popular destinations<\/span><\/li>\r\n                    <\/ul>\r\n    <\/div>\r\n<\/div>\r\n\r\n<div class=\"form-group form-date-field form-date-search d-flex align-items-center\" data-format=\"MM\/DD\/YYYY\">\r\n    <div class=\"date-item-wrapper d-flex align-items-center checkin\">\r\n        <span class=\"stt-icon stt-icon-in\"><\/span>\r\n        <div class=\"item-inner\">\r\n            <label>Check in<\/label>\r\n            <div class=\"render check-in-render\">\r\n                05\/04\/2026            <\/div>\r\n        <\/div>\r\n    <\/div>\r\n    <span class=\"stt-icon stt-icon-arrow-right-1 date-item-arrow\"><\/span>\r\n    <div class=\"date-item-wrapper d-flex align-items-center checkout\">\r\n        <span class=\"stt-icon stt-icon-out\"><\/span>\r\n        <div class=\"item-inner\">\r\n            <label>Check out<\/label>\r\n            <div class=\"render check-out-render\">\r\n                05\/05\/2026            <\/div>\r\n        <\/div>\r\n    <\/div>\r\n    <input type=\"hidden\" class=\"check-in-input\" value=\"05\/04\/2026\" name=\"start\">\r\n    <input type=\"hidden\" class=\"check-out-input\" value=\"05\/05\/2026\" name=\"end\">\r\n    <input type=\"text\" readonly class=\"check-in-out\" value=\"04\/05\/2026 06:40 pm-05\/05\/2026 06:40 pm\" name=\"date\">\r\n<\/div><div class=\"field-guest form-group\">\r\n    <div class=\"form-extra-field dropdown dropdown-toggle  has-icon \" role=\"menu\" data-bs-toggle=\"dropdown\" data-bs-auto-close=\"outside\" aria-expanded=\"false\">\r\n        <span class=\"stt-icon stt-icon-user2\"><\/span>        <div class=\"st-form-dropdown-icon\">\r\n            <label>Guests<\/label>\r\n            <div class=\"render\">\r\n                <span data-text=\"{&quot;room&quot;:&quot;room&quot;,&quot;rooms&quot;:&quot;rooms&quot;,&quot;guest&quot;:&quot;guest&quot;,&quot;guests&quot;:&quot;guests&quot;}\">\r\n                1 guest, 1 room\r\n\r\n\r\n                <\/span>\r\n            <\/div>\r\n        <\/div>\r\n    <\/div>\r\n    <ul class=\"dropdown-menu st-modern-style\">\r\n        <li class=\"item d-flex align-items-center justify-content-between\">\r\n            <label>Rooms<\/label>\r\n            <div class=\"select-wrapper\">\r\n                <div class=\"st-number-wrapper d-flex align-items-center justify-content-between\">\r\n                    <input type=\"text\" name=\"room_num_search\" value=\"1\"\r\n                           class=\"form-control st-input-number\" autocomplete=\"off\" readonly data-min=\"1\"\r\n                           data-max=\"9\"\/>\r\n                <\/div>\r\n            <\/div>\r\n        <\/li>\r\n        <li class=\"item d-flex align-items-center justify-content-between\">\r\n            <label>Adults<\/label>\r\n            <div class=\"select-wrapper\">\r\n                <div class=\"st-number-wrapper d-flex align-items-center justify-content-between\">\r\n                    <input type=\"text\" name=\"adult_number\" value=\"1\"\r\n                           class=\"form-control st-input-number\" autocomplete=\"off\" readonly data-min=\"1\"\r\n                           data-max=\"9\"\/>\r\n                <\/div>\r\n            <\/div>\r\n        <\/li>\r\n        <li class=\"item d-flex align-items-center justify-content-between\">\r\n            <label>Children<\/label>\r\n            <div class=\"select-wrapper\">\r\n                <div class=\"st-number-wrapper d-flex align-items-center justify-content-between\">\r\n                    <input type=\"text\" name=\"child_number\" value=\"0\"\r\n                           class=\"form-control st-input-number\" autocomplete=\"off\" readonly data-min=\"0\"\r\n                           data-max=\"9\"\/>\r\n                <\/div>\r\n            <\/div>\r\n        <\/li>\r\n    <\/ul>\r\n    <\/div>\r\n\r\n\r\n        <div class=\"button-search-wrapper\">\r\n            <button class=\"btn btn-primary btn-search\">\r\n                <span class=\"stt-icon stt-icon-search-normal\"><\/span>\r\n                Search            <\/button>\r\n        <\/div>\r\n    <\/form>\r\n<\/div>\r\n                    <\/div>\r\n                <\/div>\r\n\r\n                <\/div>    <\/div>\r\n\t\t<\/div>\n\t\t\t\t<\/div>\n\t\t\t\t\t<\/div>\n\t\t<\/div>\n\t\t\t\t\t<\/div>\n\t\t<\/section>\n\t\t<div class=\"elementor-element elementor-element-bc83194 e-grid e-con-boxed e-con e-parent\" data-id=\"bc83194\" data-element_type=\"container\" data-settings=\"{&quot;shape_divider_top&quot;:&quot;mountains&quot;}\">\n\t\t\t\t\t<div class=\"e-con-inner\">\n\t\t\t\t<div class=\"elementor-shape elementor-shape-top\" data-negative=\"false\">\n\t\t\t<svg xmlns=\"http:\/\/www.w3.org\/2000\/svg\" viewBox=\"0 0 1000 100\" preserveAspectRatio=\"none\">\n\t<path class=\"elementor-shape-fill\" opacity=\"0.33\" d=\"M473,67.3c-203.9,88.3-263.1-34-320.3,0C66,119.1,0,59.7,0,59.7V0h1000v59.7 c0,0-62.1,26.1-94.9,29.3c-32.8,3.3-62.8-12.3-75.8-22.1C806,49.6,745.3,8.7,694.9,4.7S492.4,59,473,67.3z\"\/>\n\t<path class=\"elementor-shape-fill\" opacity=\"0.66\" d=\"M734,67.3c-45.5,0-77.2-23.2-129.1-39.1c-28.6-8.7-150.3-10.1-254,39.1 s-91.7-34.4-149.2,0C115.7,118.3,0,39.8,0,39.8V0h1000v36.5c0,0-28.2-18.5-92.1-18.5C810.2,18.1,775.7,67.3,734,67.3z\"\/>\n\t<path class=\"elementor-shape-fill\" d=\"M766.1,28.9c-200-57.5-266,65.5-395.1,19.5C242,1.8,242,5.4,184.8,20.6C128,35.8,132.3,44.9,89.9,52.5C28.6,63.7,0,0,0,0 h1000c0,0-9.9,40.9-83.6,48.1S829.6,47,766.1,28.9z\"\/>\n<\/svg>\t\t<\/div>\n\t\t\t\t<div class=\"elementor-element elementor-element-b323625 elementor-grid-3 elementor-grid-tablet-2 elementor-grid-mobile-1 elementor-posts--thumbnail-top elementor-posts--show-avatar elementor-card-shadow-yes elementor-posts__hover-gradient elementor-widget elementor-widget-posts\" data-id=\"b323625\" data-element_type=\"widget\" data-settings=\"{&quot;cards_columns&quot;:&quot;3&quot;,&quot;cards_columns_tablet&quot;:&quot;2&quot;,&quot;cards_columns_mobile&quot;:&quot;1&quot;,&quot;cards_row_gap&quot;:{&quot;unit&quot;:&quot;px&quot;,&quot;size&quot;:35,&quot;sizes&quot;:[]},&quot;cards_row_gap_widescreen&quot;:{&quot;unit&quot;:&quot;px&quot;,&quot;size&quot;:&quot;&quot;,&quot;sizes&quot;:[]},&quot;cards_row_gap_laptop&quot;:{&quot;unit&quot;:&quot;px&quot;,&quot;size&quot;:&quot;&quot;,&quot;sizes&quot;:[]},&quot;cards_row_gap_tablet_extra&quot;:{&quot;unit&quot;:&quot;px&quot;,&quot;size&quot;:&quot;&quot;,&quot;sizes&quot;:[]},&quot;cards_row_gap_tablet&quot;:{&quot;unit&quot;:&quot;px&quot;,&quot;size&quot;:&quot;&quot;,&quot;sizes&quot;:[]},&quot;cards_row_gap_mobile&quot;:{&quot;unit&quot;:&quot;px&quot;,&quot;size&quot;:&quot;&quot;,&quot;sizes&quot;:[]}}\" data-widget_type=\"posts.cards\">\n\t\t\t\t<div class=\"elementor-widget-container\">\n\t\t\t<link rel=\"stylesheet\" href=\"https:\/\/kunkinapartment.com\/wp-content\/plugins\/elementor-pro\/assets\/css\/widget-posts.min.css\">\t\t<div class=\"elementor-posts-container elementor-posts elementor-posts--skin-cards elementor-grid\">\n\t\t\t\t<article class=\"elementor-post elementor-grid-item post-15799 post type-post status-publish format-standard has-post-thumbnail hentry category-trai-nghiem category-dich-vu\">\n\t\t\t<div class=\"elementor-post__card\">\n\t\t\t\t<a class=\"elementor-post__thumbnail__link\" href=\"https:\/\/kunkinapartment.com\/vi\/giam-10-gia-phong-enjoy-10-discount\/\" tabindex=\"-1\" ><div class=\"elementor-post__thumbnail\"><img fetchpriority=\"high\" decoding=\"async\" width=\"1024\" height=\"1024\" src=\"https:\/\/kunkinapartment.com\/wp-content\/uploads\/2024\/09\/September-Offer-2-1024x1024.jpg\" class=\"attachment-large size-large wp-image-15800\" alt=\"\" srcset=\"https:\/\/kunkinapartment.com\/wp-content\/uploads\/2024\/09\/September-Offer-2-1024x1024.jpg 1024w, https:\/\/kunkinapartment.com\/wp-content\/uploads\/2024\/09\/September-Offer-2-300x300.jpg 300w, https:\/\/kunkinapartment.com\/wp-content\/uploads\/2024\/09\/September-Offer-2-150x150.jpg 150w, https:\/\/kunkinapartment.com\/wp-content\/uploads\/2024\/09\/September-Offer-2-1536x1536.jpg 1536w, https:\/\/kunkinapartment.com\/wp-content\/uploads\/2024\/09\/September-Offer-2-2048x2048.jpg 2048w\" sizes=\"(max-width: 1024px) 100vw, 1024px\" title=\"\"><\/div><\/a>\n\t\t\t\t<div class=\"elementor-post__badge\">Tr\u1ea3i nghi\u1ec7m<\/div>\n\t\t\t\t<div class=\"elementor-post__avatar\">\n\t\t\t<img decoding=\"async\" alt=\"admin\" src=\"https:\/\/secure.gravatar.com\/avatar\/9c9b93847cd329b4eb574b820817117e40f4c5c21c1bd481b0da03fff18e0aa0?s=128&#038;d=mm&#038;r=g\" srcset=\"https:\/\/secure.gravatar.com\/avatar\/9c9b93847cd329b4eb574b820817117e40f4c5c21c1bd481b0da03fff18e0aa0?s=256&#038;d=mm&#038;r=g 2x\" class=\"avatar avatar-128 photo\" height=\"128\" width=\"128\" title=\"\">\t\t<\/div>\n\t\t\t\t<div class=\"elementor-post__text\">\n\t\t\t\t<h3 class=\"elementor-post__title\">\n\t\t\t<a href=\"https:\/\/kunkinapartment.com\/vi\/giam-10-gia-phong-enjoy-10-discount\/\" >\n\t\t\t\tGI\u1ea2M 10% GI\u00c1 PH\u00d2NG &#8211; ENJOY 10% DISCOUNT\t\t\t<\/a>\n\t\t<\/h3>\n\t\t\t\t<div class=\"elementor-post__excerpt\">\n\t\t\t<p>\ud835\udc12\ud835\udc04\ud835\udc0f\ud835\udc13\ud835\udc04\ud835\udc0c\ud835\udc01\ud835\udc04\ud835\udc11 \ud835\udc0e\ud835\udc05\ud835\udc05\ud835\udc04\ud835\udc11: \ud835\udc04\ud835\udc27\ud835\udc23\ud835\udc28\ud835\udc32 \ud835\udc1d\ud835\udc22\ud835\udc2c\ud835\udc1c\ud835\udc28\ud835\udc2e\ud835\udc27\ud835\udc2d \ud835\udfcf\ud835\udfce%\u0110\u1eb7t ph\u00f2ng ngay v\u1edbi KunKin Luxury Apartment trong th\u00e1ng 9 \u0111\u1ec3 nh\u1eadn ngay \u01b0u \u0111\u00e3i \u0111\u1eb7c bi\u1ec7t cho tr\u1ea3i nghi\u1ec7m c\u00f4ng<\/p>\n\t\t<\/div>\n\t\t\n\t\t<a class=\"elementor-post__read-more\" href=\"https:\/\/kunkinapartment.com\/vi\/giam-10-gia-phong-enjoy-10-discount\/\" aria-label=\"Read more about GI\u1ea2M 10% GI\u00c1 PH\u00d2NG &#8211; ENJOY 10% DISCOUNT\" tabindex=\"-1\" >\n\t\t\t\u0110\u1ecdc th\u00eam \u00bb\t\t<\/a>\n\n\t\t\t\t<\/div>\n\t\t\t\t\t<\/div>\n\t\t<\/article>\n\t\t\t\t<\/div>\n\t\t\n\t\t\t\t<\/div>\n\t\t\t\t<\/div>\n\t\t\t\t\t<\/div>\n\t\t\t\t<\/div>\n\t\t\t\t<\/div>\n\t\t","protected":false},"excerpt":{"rendered":"<p>Location Popular destinations Ho Chi Minh City KunKin 158 Apartment KunKin Apartment KunKin Garden Apartment KunKin Luxury Apartment Check in 25\/09\/2024 Check out 26\/09\/2024 Guests 1 guest, 1 room Rooms Adults Children Search<\/p>\n","protected":false},"author":1,"featured_media":16044,"parent":0,"menu_order":0,"comment_status":"closed","ping_status":"closed","template":"elementor_theme","meta":{"inline_featured_image":false,"footnotes":""},"class_list":["post-16042","page","type-page","status-publish","has-post-thumbnail","hentry"],"_links":{"self":[{"href":"https:\/\/kunkinapartment.com\/vi\/wp-json\/wp\/v2\/pages\/16042","targetHints":{"allow":["GET"]}}],"collection":[{"href":"https:\/\/kunkinapartment.com\/vi\/wp-json\/wp\/v2\/pages"}],"about":[{"href":"https:\/\/kunkinapartment.com\/vi\/wp-json\/wp\/v2\/types\/page"}],"author":[{"embeddable":true,"href":"https:\/\/kunkinapartment.com\/vi\/wp-json\/wp\/v2\/users\/1"}],"replies":[{"embeddable":true,"href":"https:\/\/kunkinapartment.com\/vi\/wp-json\/wp\/v2\/comments?post=16042"}],"version-history":[{"count":4,"href":"https:\/\/kunkinapartment.com\/vi\/wp-json\/wp\/v2\/pages\/16042\/revisions"}],"predecessor-version":[{"id":16277,"href":"https:\/\/kunkinapartment.com\/vi\/wp-json\/wp\/v2\/pages\/16042\/revisions\/16277"}],"wp:featuredmedia":[{"embeddable":true,"href":"https:\/\/kunkinapartment.com\/vi\/wp-json\/wp\/v2\/media\/16044"}],"wp:attachment":[{"href":"https:\/\/kunkinapartment.com\/vi\/wp-json\/wp\/v2\/media?parent=16042"}],"curies":[{"name":"wp","href":"https:\/\/api.w.org\/{rel}","templated":true}]}}