{"id":15710,"date":"2024-08-22T21:03:16","date_gmt":"2024-08-22T14:03:16","guid":{"rendered":"https:\/\/kunkinapartment.com\/?page_id=15710"},"modified":"2024-08-23T08:37:47","modified_gmt":"2024-08-23T01:37:47","slug":"chinh-sach-giao-va-nhan-phong","status":"publish","type":"page","link":"https:\/\/kunkinapartment.com\/vi\/chinh-sach-giao-va-nhan-phong\/","title":{"rendered":"Ch\u00ednh s\u00e1ch giao v\u00e0 nh\u1eadn ph\u00f2ng"},"content":{"rendered":"\n<p>Sau khi nh\u1eadn \u0111\u01b0\u1ee3c \u0111\u01a1n h\u00e0ng \u0111\u1eb7t ph\u00f2ng v\u00e0 ho\u00e0n t\u1ea5t vi\u1ec7c thanh to\u00e1n, ch\u00fang t\u00f4i s\u1ebd x\u00e1c nh\u1eadn th\u00f4ng tin \u0111\u1eb7t d\u1ecbch v\u1ee5 c\u1ee7a Kh\u00e1ch h\u00e0ng qua email, \u0111i\u1ec7n tho\u1ea1i ho\u1eb7c tin nh\u1eafn.<\/p>\n\n\n\n<p>Qu\u00fd kh\u00e1ch xu\u1ea5t tr\u00ecnh th\u00f4ng tin x\u00e1c nh\u1eadn \u0111\u1eb7t ph\u00f2ng cho L\u1ec5 t\u00e2n c\u1ee7a ch\u00fang t\u00f4i \u0111\u1ec3 nh\u1eadn ph\u00f2ng theo th\u1eddi gian \u0111\u00e3 \u0111\u1eb7t:<\/p>\n\n\n\n<ul class=\"wp-block-list\">\n<li>Th\u1eddi gian Nh\u1eadn ph\u00f2ng: sau 14h00<\/li>\n\n\n\n<li>Th\u1eddi gian Tr\u1ea3 ph\u00f2ng: tr\u01b0\u1edbc 12h00.<\/li>\n<\/ul>\n\n\n\n<p>M\u1ecdi chi ph\u00ed ph\u00e1t sinh kh\u00e1c khi s\u1eed d\u1ee5ng d\u1ecbch v\u1ee5 v\u00e0 s\u1ea3n ph\u1ea9m d\u00f9ng th\u00eam trong th\u1eddi gian l\u01b0u tr\u00fa \u0111\u01b0\u1ee3c ni\u00eam y\u1ebft theo gi\u00e1 v\u00e0 quy \u0111\u1ecbnh c\u1ee7a kh\u00e1ch s\u1ea1n, Qu\u00fd kh\u00e1ch vui l\u00f2ng thanh to\u00e1n khi tr\u1ea3 ph\u00f2ng.<\/p>\n\n\n\n<p>Tr\u1ebb em d\u01b0\u1edbi 6 tu\u1ed5i khi \u0111i c\u00f9ng b\u1ed1 m\u1eb9 kh\u00f4ng c\u1ea7n tr\u1ea3 th\u00eam ph\u00ed.<\/p>\n\n\n\n<p>\u0110\u1ed9 tu\u1ed5i t\u1ed1i thi\u1ec3u c\u1ee7a kh\u00e1ch h\u00e0ng \u0111\u1ec3 nh\u1eadn ph\u00f2ng l\u00e0 t\u1eeb 18 tu\u1ed5i tr\u1edf l\u00ean.<\/p>\n\n\n\n<p>Tr\u01b0\u1eddng h\u1ee3p kh\u00e1ch h\u00e0ng d\u01b0\u1edbi 18 tu\u1ed5i c\u1ea7n c\u00f3 th\u00f4ng tin x\u00e1c minh c\u1ee7a ng\u01b0\u1eddi gi\u00e1m h\u1ed9 \u0111\u1ec3 \u0111\u1ea3m b\u1ea3o c\u00e1c v\u1ea5n \u0111\u1ec1 ph\u00e1t sinh trong qu\u00e1 tr\u00ecnh l\u01b0u tr\u00fa.<\/p>\n\n\n\n<p>M\u1ed9t s\u1ed1 quy \u0111\u1ecbnh d\u00e0nh ri\u00eang cho c\u00e1c kh\u00e1ch s\u1ea1n c\u00f3 \u00e1p d\u1ee5ng ph\u00ed khi \u0111i c\u00f9ng tr\u1ebb em v\u00e0 ph\u00ed gi\u01b0\u1eddng ph\u1ee5:<\/p>\n\n\n\n<p><strong>1\/ KunKin Luxury Apartment<\/strong><\/p>\n\n\n\n<ul class=\"wp-block-list\">\n<li>Tr\u1ebb em d\u01b0\u1edbi 12 tu\u1ed5i \u0111\u01b0\u1ee3c mi\u1ec5n ph\u00ed (ng\u1ee7 c\u00f9ng b\u1ed1 m\u1eb9)<\/li>\n\n\n\n<li>Tr\u1ebb em t\u1eeb 6 tu\u1ed5i \u0111\u1ebfn &lt;12 tu\u1ed5i: ph\u1ee5 thu \u0103n s\u00e1ng buffet 80.000 VN\u0110<\/li>\n<\/ul>\n\n\n\n<p><strong>2\/ KunKin Garden Apartment<\/strong><\/p>\n\n\n\n<ul class=\"wp-block-list\">\n<li>Tr\u1ebb em d\u01b0\u1edbi 12 tu\u1ed5i \u0111\u01b0\u1ee3c mi\u1ec5n ph\u00ed (ng\u1ee7 c\u00f9ng b\u1ed1 m\u1eb9)<\/li>\n\n\n\n<li>Tr\u1ebb em t\u1eeb 6 tu\u1ed5i \u0111\u1ebfn &lt;12 tu\u1ed5i: ph\u1ee5 thu \u0103n s\u00e1ng buffet 80.000 VN\u0110<\/li>\n<\/ul>\n\n\n\n<p>Qu\u00fd kh\u00e1ch vui l\u00f2ng \u0111\u1ebfn v\u00e0 nh\u1eadn ph\u00f2ng theo \u0111\u00fang th\u1eddi gian v\u00e0 \u0111\u1ecba \u0111i\u1ec3m \u0111\u00e3 \u0111\u1eb7t, n\u1ebfu Qu\u00fd kh\u00e1ch kh\u00f4ng bi\u1ebft \u0111\u01b0\u1eddng \u0111i hay \u0111\u1ecba \u0111i\u1ec3m ch\u00ednh x\u00e1c, vui l\u00f2ng li\u00ean h\u1ec7 v\u1edbi ch\u00fang t\u00f4i \u0111\u1ec3 \u0111\u01b0\u1ee3c h\u1ed7 tr\u1ee3. Ch\u00fang t\u00f4i kh\u00f4ng ch\u1ecbu tr\u00e1ch nhi\u1ec7m trong tr\u01b0\u1eddng h\u1ee3p Qu\u00fd kh\u00e1ch kh\u00f4ng t\u00ecm \u0111\u01b0\u1ee3c \u0111\u1ebfn \u0111\u1ecba \u0111i\u1ec3m kh\u00e1ch s\u1ea1n nh\u01b0ng c\u0169ng kh\u00f4ng li\u00ean h\u1ec7 v\u1edbi b\u1ed9 ph\u1eadn h\u1ed7 tr\u1ee3 c\u1ee7a ch\u00fang t\u00f4i \u0111\u1ec3 \u0111\u01b0\u1ee3c h\u1ed7 tr\u1ee3.<\/p>\n","protected":false},"excerpt":{"rendered":"<p>Sau khi nh\u1eadn \u0111\u01b0\u1ee3c \u0111\u01a1n h\u00e0ng \u0111\u1eb7t ph\u00f2ng v\u00e0 ho\u00e0n t\u1ea5t vi\u1ec7c thanh to\u00e1n, ch\u00fang t\u00f4i s\u1ebd x\u00e1c nh\u1eadn th\u00f4ng tin \u0111\u1eb7t d\u1ecbch v\u1ee5 c\u1ee7a Kh\u00e1ch h\u00e0ng qua email, \u0111i\u1ec7n tho\u1ea1i ho\u1eb7c tin nh\u1eafn. Qu\u00fd kh\u00e1ch xu\u1ea5t tr\u00ecnh th\u00f4ng tin x\u00e1c nh\u1eadn \u0111\u1eb7t ph\u00f2ng cho L\u1ec5 t\u00e2n c\u1ee7a ch\u00fang t\u00f4i \u0111\u1ec3 nh\u1eadn ph\u00f2ng theo th\u1eddi [&hellip;]<\/p>\n","protected":false},"author":1,"featured_media":15372,"parent":0,"menu_order":0,"comment_status":"closed","ping_status":"closed","template":"","meta":{"inline_featured_image":false,"footnotes":""},"class_list":["post-15710","page","type-page","status-publish","has-post-thumbnail","hentry"],"_links":{"self":[{"href":"https:\/\/kunkinapartment.com\/vi\/wp-json\/wp\/v2\/pages\/15710","targetHints":{"allow":["GET"]}}],"collection":[{"href":"https:\/\/kunkinapartment.com\/vi\/wp-json\/wp\/v2\/pages"}],"about":[{"href":"https:\/\/kunkinapartment.com\/vi\/wp-json\/wp\/v2\/types\/page"}],"author":[{"embeddable":true,"href":"https:\/\/kunkinapartment.com\/vi\/wp-json\/wp\/v2\/users\/1"}],"replies":[{"embeddable":true,"href":"https:\/\/kunkinapartment.com\/vi\/wp-json\/wp\/v2\/comments?post=15710"}],"version-history":[{"count":0,"href":"https:\/\/kunkinapartment.com\/vi\/wp-json\/wp\/v2\/pages\/15710\/revisions"}],"wp:featuredmedia":[{"embeddable":true,"href":"https:\/\/kunkinapartment.com\/vi\/wp-json\/wp\/v2\/media\/15372"}],"wp:attachment":[{"href":"https:\/\/kunkinapartment.com\/vi\/wp-json\/wp\/v2\/media?parent=15710"}],"curies":[{"name":"wp","href":"https:\/\/api.w.org\/{rel}","templated":true}]}}