{"id":15705,"date":"2024-08-22T20:57:28","date_gmt":"2024-08-22T13:57:28","guid":{"rendered":"https:\/\/kunkinapartment.com\/?page_id=15705"},"modified":"2024-08-22T20:57:53","modified_gmt":"2024-08-22T13:57:53","slug":"dieu-khoan-va-quy-dinh-chung","status":"publish","type":"page","link":"https:\/\/kunkinapartment.com\/vi\/dieu-khoan-va-quy-dinh-chung\/","title":{"rendered":"\u0110i\u1ec1u kho\u1ea3n v\u00e0 quy \u0111\u1ecbnh chung"},"content":{"rendered":"\n<h2 class=\"wp-block-heading\">Ch\u1ea5p nh\u1eadn \u0111i\u1ec1u kho\u1ea3n<\/h2>\n\n\n\n<p>Khi b\u1ea1n truy c\u1eadp v\u00e0 s\u1eed d\u1ee5ng website c\u1ee7a ch\u00fang t\u00f4i, \u0111i\u1ec1u n\u00e0y \u0111\u1ed3ng ngh\u0129a v\u1edbi vi\u1ec7c b\u1ea1n \u0111\u00e3 \u0111\u1ed3ng \u00fd v\u00e0 tu\u00e2n th\u1ee7 c\u00e1c \u0111i\u1ec1u kho\u1ea3n v\u00e0 quy \u0111\u1ecbnh \u0111\u01b0\u1ee3c n\u00eau trong t\u00e0i li\u1ec7u n\u00e0y. N\u1ebfu b\u1ea1n kh\u00f4ng \u0111\u1ed3ng \u00fd v\u1edbi b\u1ea5t k\u1ef3 \u0111i\u1ec1u kho\u1ea3n n\u00e0o, vui l\u00f2ng kh\u00f4ng ti\u1ebfp t\u1ee5c s\u1eed d\u1ee5ng d\u1ecbch v\u1ee5 c\u1ee7a ch\u00fang t\u00f4i.<\/p>\n\n\n\n<h2 class=\"wp-block-heading\">Th\u00f4ng tin s\u1ea3n ph\u1ea9m v\u00e0 gi\u00e1 c\u1ea3<\/h2>\n\n\n\n<p>Ch\u00fang t\u00f4i cam k\u1ebft cung c\u1ea5p th\u00f4ng tin ch\u00ednh x\u00e1c v\u00e0 \u0111\u1ea7y \u0111\u1ee7 v\u1ec1 c\u00e1c s\u1ea3n ph\u1ea9m v\u00e0 d\u1ecbch v\u1ee5 m\u00e0 ch\u00fang t\u00f4i cung c\u1ea5p. Tuy nhi\u00ean, ch\u00fang t\u00f4i kh\u00f4ng ch\u1ecbu tr\u00e1ch nhi\u1ec7m \u0111\u1ed1i v\u1edbi b\u1ea5t k\u1ef3 sai s\u00f3t ho\u1eb7c thi\u1ebfu s\u00f3t n\u00e0o trong th\u00f4ng tin s\u1ea3n ph\u1ea9m v\u00e0 d\u1ecbch v\u1ee5, ch\u00fang t\u00f4i c\u00f3 quy\u1ec1n thay \u0111\u1ed5i gi\u00e1 c\u1ea3 m\u00e0 kh\u00f4ng c\u1ea7n th\u00f4ng b\u00e1o tr\u01b0\u1edbc. B\u1ea1n n\u00ean ki\u1ec3m tra k\u1ef9 th\u00f4ng tin s\u1ea3n ph\u1ea9m v\u00e0 d\u1ecbch v\u1ee5 tr\u01b0\u1edbc khi \u0111\u1eb7t mua.<\/p>\n\n\n\n<h2 class=\"wp-block-heading\">Thay \u0110\u1ed5i \u0110i\u1ec1u Kho\u1ea3n<\/h2>\n\n\n\n<p>Ch\u00fang t\u00f4i c\u00f3 quy\u1ec1n thay \u0111\u1ed5i c\u00e1c \u0111i\u1ec1u kho\u1ea3n v\u00e0 quy \u0111\u1ecbnh n\u00e0y m\u00e0 kh\u00f4ng c\u1ea7n th\u00f4ng b\u00e1o tr\u01b0\u1edbc. Vi\u1ec7c s\u1eed d\u1ee5ng ti\u1ebfp t\u1ee5c c\u1ee7a b\u1ea1n sau c\u00e1c thay \u0111\u1ed5i n\u00e0y s\u1ebd \u0111\u1ed3ng ngh\u0129a v\u1edbi vi\u1ec7c b\u1ea1n ch\u1ea5p nh\u1eadn nh\u1eefng thay \u0111\u1ed5i \u0111\u00f3.<\/p>\n\n\n\n<h2 class=\"wp-block-heading\">Li\u00ean H\u1ec7<\/h2>\n\n\n\n<p>N\u1ebfu b\u1ea1n c\u00f3 b\u1ea5t k\u1ef3 c\u00e2u h\u1ecfi ho\u1eb7c \u00fd ki\u1ebfn v\u1ec1 \u0110i\u1ec1u Kho\u1ea3n d\u1ecbch v\u1ee5, vui l\u00f2ng li\u00ean h\u1ec7 v\u1edbi ch\u00fang t\u00f4i qua th\u00f4ng tin li\u00ean h\u1ec7 \u0111\u01b0\u1ee3c cung c\u1ea5p tr\u00ean trang web.<\/p>\n","protected":false},"excerpt":{"rendered":"<p>Ch\u1ea5p nh\u1eadn \u0111i\u1ec1u kho\u1ea3n Khi b\u1ea1n truy c\u1eadp v\u00e0 s\u1eed d\u1ee5ng website c\u1ee7a ch\u00fang t\u00f4i, \u0111i\u1ec1u n\u00e0y \u0111\u1ed3ng ngh\u0129a v\u1edbi vi\u1ec7c b\u1ea1n \u0111\u00e3 \u0111\u1ed3ng \u00fd v\u00e0 tu\u00e2n th\u1ee7 c\u00e1c \u0111i\u1ec1u kho\u1ea3n v\u00e0 quy \u0111\u1ecbnh \u0111\u01b0\u1ee3c n\u00eau trong t\u00e0i li\u1ec7u n\u00e0y. N\u1ebfu b\u1ea1n kh\u00f4ng \u0111\u1ed3ng \u00fd v\u1edbi b\u1ea5t k\u1ef3 \u0111i\u1ec1u kho\u1ea3n n\u00e0o, vui l\u00f2ng kh\u00f4ng ti\u1ebfp [&hellip;]<\/p>\n","protected":false},"author":1,"featured_media":15353,"parent":0,"menu_order":0,"comment_status":"closed","ping_status":"closed","template":"","meta":{"inline_featured_image":false,"footnotes":""},"class_list":["post-15705","page","type-page","status-publish","has-post-thumbnail","hentry"],"_links":{"self":[{"href":"https:\/\/kunkinapartment.com\/vi\/wp-json\/wp\/v2\/pages\/15705","targetHints":{"allow":["GET"]}}],"collection":[{"href":"https:\/\/kunkinapartment.com\/vi\/wp-json\/wp\/v2\/pages"}],"about":[{"href":"https:\/\/kunkinapartment.com\/vi\/wp-json\/wp\/v2\/types\/page"}],"author":[{"embeddable":true,"href":"https:\/\/kunkinapartment.com\/vi\/wp-json\/wp\/v2\/users\/1"}],"replies":[{"embeddable":true,"href":"https:\/\/kunkinapartment.com\/vi\/wp-json\/wp\/v2\/comments?post=15705"}],"version-history":[{"count":0,"href":"https:\/\/kunkinapartment.com\/vi\/wp-json\/wp\/v2\/pages\/15705\/revisions"}],"wp:featuredmedia":[{"embeddable":true,"href":"https:\/\/kunkinapartment.com\/vi\/wp-json\/wp\/v2\/media\/15353"}],"wp:attachment":[{"href":"https:\/\/kunkinapartment.com\/vi\/wp-json\/wp\/v2\/media?parent=15705"}],"curies":[{"name":"wp","href":"https:\/\/api.w.org\/{rel}","templated":true}]}}